{"id":125,"date":"2025-01-16T23:23:19","date_gmt":"2025-01-16T23:23:19","guid":{"rendered":"https:\/\/soydisenadoryque.com\/?page_id=125"},"modified":"2025-07-23T08:59:41","modified_gmt":"2025-07-23T08:59:41","slug":"web","status":"publish","type":"page","link":"https:\/\/soydisenadoryque.com\/?page_id=125","title":{"rendered":"Web"},"content":{"rendered":"\n<div style=\"height:100px\" aria-hidden=\"true\" class=\"wp-block-spacer\"><\/div>\n\n\n\n<h1 class=\"wp-block-heading has-text-color has-link-color wp-elements-e0f42c3e5eb8bbef5c81efa6bd89b5d3\" style=\"color:#10004c;font-style:normal;font-weight:1000\">Dise\u00f1o y Desarrollo Web<\/h1>\n\n\n\n<div style=\"height:21px\" aria-hidden=\"true\" class=\"wp-block-spacer\"><\/div>\n\n\n\n<h3 class=\"wp-block-heading has-text-align-center\">Si buscas una web atractiva, moderna y funcional, mira lo que tengo para ofrecerte<\/h3>\n\n\n\n<div style=\"height:100px\" aria-hidden=\"true\" class=\"wp-block-spacer\"><\/div>\n\n\n\n<div class=\"wp-block-group alignfull is-style-default has-background has-global-padding is-layout-constrained wp-block-group-is-layout-constrained\" style=\"background-color:#eae9f2\">\n<div class=\"wp-block-group alignwide has-background is-layout-flow wp-block-group-is-layout-flow\" style=\"background-color:#eae9f2\">\n<div style=\"height:70px\" aria-hidden=\"true\" class=\"wp-block-spacer\"><\/div>\n\n\n\n<div class=\"wp-block-columns alignwide are-vertically-aligned-center is-layout-flex wp-container-core-columns-is-layout-28f84493 wp-block-columns-is-layout-flex\">\n<div class=\"wp-block-column is-layout-flow wp-block-column-is-layout-flow\" style=\"flex-basis:50%\">\n<p class=\"has-text-align-center has-text-color\" style=\"color:#000000;font-size:clamp(18.959px, 1.185rem + ((1vw - 3.2px) * 1.082), 30px);line-height:1.1\"><strong>\u00bfC\u00f3mo lo har\u00edamos?<\/strong><\/p>\n<\/div>\n<\/div>\n\n\n\n<div class=\"wp-block-columns is-layout-flex wp-container-core-columns-is-layout-28f84493 wp-block-columns-is-layout-flex\">\n<div class=\"wp-block-column is-layout-flow wp-block-column-is-layout-flow\" style=\"flex-basis:100%\">\n<div class=\"wp-block-group alignwide has-global-padding is-layout-constrained wp-block-group-is-layout-constrained\">\n<div class=\"wp-block-columns alignwide is-layout-flex wp-container-core-columns-is-layout-28f84493 wp-block-columns-is-layout-flex\">\n<div class=\"wp-block-column is-layout-flow wp-block-column-is-layout-flow\">\n<p class=\"has-text-align-right has-text-color has-extra-small-font-size\" style=\"color:#000000\">Para este proceso har\u00eda que tu experiencia fuese lo m\u00e1s c\u00f3moda y amena posible. Primero te entregar\u00eda un documento para que me lo rellenases con informaci\u00f3n que necesitar\u00eda para hacer tu web o actualiz\u00e1rtela. Despu\u00e9s har\u00eda una maqueta para que vieses la estructura y como quedar\u00eda pero sin poner los elementos finales y si te gustase firmar\u00edamos el contrato y proceder\u00edamos a la mitad del pago del precio total.<\/p>\n<\/div>\n\n\n\n<div class=\"wp-block-column is-layout-flow wp-block-column-is-layout-flow\">\n<p class=\"has-text-color has-extra-small-font-size\" style=\"color:#000000\">Una vez hecho el pago proceder\u00eda a crear la estructura en la web que te quedar\u00edas, crear\u00eda la web acorde a tus necesidades y una vez realizada te ense\u00f1ar\u00eda el resultado. Necesito que comprendas que durante todo el proceso es necesario que haya Feedback, que que si necesito textos, im\u00e1genes de algo o tengo dudas y no obtengo respuesta, el proceso se parar\u00eda. Al final, con tu visto bueno, te quedar\u00edas la web y yo recibir\u00eda la otra mitad<\/p>\n<\/div>\n<\/div>\n<\/div>\n<\/div>\n<\/div>\n\n\n\n<div style=\"height:40px\" aria-hidden=\"true\" class=\"wp-block-spacer\"><\/div>\n<\/div>\n<\/div>\n\n\n\n<div style=\"height:100px\" aria-hidden=\"true\" class=\"wp-block-spacer\"><\/div>\n\n\n\n<p>Si estas interesado o tienes alg\u00fan tipo de duda no dudes en contactarme, es completamente gratuito y estar\u00e9 encantado de atenderte : )<\/p>\n\n\n\n<div style=\"height:193px\" aria-hidden=\"true\" class=\"wp-block-spacer\"><\/div>\n\n\n\n<h2 class=\"wp-block-heading has-text-align-center\">Si quieres ver alg\u00fan otro trabajo m\u00edo con otro dise\u00f1o, te dejo uno de mis \u00faltimos trabajos para un cliente al que se la actualizo continuamente<\/h2>\n\n\n\n<div class=\"wp-block-buttons is-content-justification-center is-layout-flex wp-container-core-buttons-is-layout-a89b3969 wp-block-buttons-is-layout-flex\">\n<div class=\"wp-block-button\"><a class=\"wp-block-button__link has-background wp-element-button\" href=\"http:\/\/www.imaginerojuanventura.com\" style=\"background-color:#11146e\">Ir a la Web<\/a><\/div>\n<\/div>\n\n\n\n<div style=\"height:100px\" aria-hidden=\"true\" class=\"wp-block-spacer\"><\/div>\n","protected":false},"excerpt":{"rendered":"<p>Dise\u00f1o y Desarrollo Web Si buscas una web atractiva, moderna y funcional, mira lo que tengo para ofrecerte \u00bfC\u00f3mo lo har\u00edamos? Para este proceso har\u00eda que tu experiencia fuese lo m\u00e1s c\u00f3moda y amena posible. Primero te entregar\u00eda un documento para que me lo rellenases con informaci\u00f3n que necesitar\u00eda para hacer tu web o actualiz\u00e1rtela. [&hellip;]<\/p>\n","protected":false},"author":1,"featured_media":0,"parent":0,"menu_order":0,"comment_status":"closed","ping_status":"closed","template":"page-no-title","meta":{"footnotes":""},"class_list":["post-125","page","type-page","status-publish","hentry"],"_links":{"self":[{"href":"https:\/\/soydisenadoryque.com\/index.php?rest_route=\/wp\/v2\/pages\/125","targetHints":{"allow":["GET"]}}],"collection":[{"href":"https:\/\/soydisenadoryque.com\/index.php?rest_route=\/wp\/v2\/pages"}],"about":[{"href":"https:\/\/soydisenadoryque.com\/index.php?rest_route=\/wp\/v2\/types\/page"}],"author":[{"embeddable":true,"href":"https:\/\/soydisenadoryque.com\/index.php?rest_route=\/wp\/v2\/users\/1"}],"replies":[{"embeddable":true,"href":"https:\/\/soydisenadoryque.com\/index.php?rest_route=%2Fwp%2Fv2%2Fcomments&post=125"}],"version-history":[{"count":8,"href":"https:\/\/soydisenadoryque.com\/index.php?rest_route=\/wp\/v2\/pages\/125\/revisions"}],"predecessor-version":[{"id":261,"href":"https:\/\/soydisenadoryque.com\/index.php?rest_route=\/wp\/v2\/pages\/125\/revisions\/261"}],"wp:attachment":[{"href":"https:\/\/soydisenadoryque.com\/index.php?rest_route=%2Fwp%2Fv2%2Fmedia&parent=125"}],"curies":[{"name":"wp","href":"https:\/\/api.w.org\/{rel}","templated":true}]}}