{"id":131,"date":"2025-01-16T23:56:00","date_gmt":"2025-01-16T23:56:00","guid":{"rendered":"https:\/\/soydisenadoryque.com\/?page_id=131"},"modified":"2025-07-23T09:14:04","modified_gmt":"2025-07-23T09:14:04","slug":"quien-soy","status":"publish","type":"page","link":"https:\/\/soydisenadoryque.com\/?page_id=131","title":{"rendered":"\u00bfQui\u00e9nes somos?"},"content":{"rendered":"\n<div class=\"wp-block-group has-global-padding is-layout-constrained wp-block-group-is-layout-constrained\">\n<p>Como esto no consiste en encomendarle tu empresa al primero que pase te vamos a decir que no s\u00f3lo estamos capacitados para hacerlo, sino tambi\u00e9n para que funcione.<\/p>\n\n\n\n<p>SDQ es una empresa de desarrollo web y dise\u00f1o gr\u00e1fico que le dar\u00e1 un vuelco de imagen a tu empresa. Nuestro objetivo es hacer crecer tu empresa y lograr que consiga ese plus de imagen de cara al p\u00fablico de las grandes empresas.<\/p>\n\n\n\n<p>\u00bfPor qu\u00e9 SDQ y no otro?<\/p>\n\n\n\n<p>Esto es simplemente porque en SDQ nos importas, y eso te lo demostramos ofreci\u00e9ndote precios asequibles y resultados de calidad. Nuestro objetivo no es una producci\u00f3n s\u00f3lo r\u00e1pida, sino de calidad.<\/p>\n\n\n\n<p>Nuestro equipo cuenta con dise\u00f1adores que han trabajado en revistas, editoriales y desarrolladores que han programado webs a iconos en la imaginer\u00eda entre otros. Con una trayectoria ya a nuestra espalda somos capaces de asegurar que los resultados no decepcionar\u00e1n a nadie.<\/p>\n\n\n\n<p>No queremos venderte la idea de que somos los mejores que te vas a encontrar, pero si aquellos que te ayudar\u00e1n a lanzar a tu empresa a otro nivel. Si a\u00fan no te hemos convencido puedes preguntar sin compromiso, estaremos encantados de atenderte.<\/p>\n<\/div>\n\n\n\n<div style=\"height:100px\" aria-hidden=\"true\" class=\"wp-block-spacer\"><\/div>\n\n\n\n<p>Si lo que has le\u00eddo te gusta, escr\u00edbenos y comencemos a crear tus ideas p\u00edxel a p\u00edxel.<\/p>\n\n\n\n<div class=\"wp-block-buttons is-layout-flex wp-block-buttons-is-layout-flex\">\n<div class=\"wp-block-button\"><a class=\"wp-block-button__link has-background wp-element-button\" href=\"https:\/\/soydisenadoryque.com\/?page_id=89\" style=\"background-color:#11146e\">Escribir<\/a><\/div>\n<\/div>\n\n\n\n<div style=\"height:100px\" aria-hidden=\"true\" class=\"wp-block-spacer\"><\/div>\n\n\n\n<p><\/p>\n","protected":false},"excerpt":{"rendered":"<p>Como esto no consiste en encomendarle tu empresa al primero que pase te vamos a decir que no s\u00f3lo estamos capacitados para hacerlo, sino tambi\u00e9n para que funcione. SDQ es una empresa de desarrollo web y dise\u00f1o gr\u00e1fico que le dar\u00e1 un vuelco de imagen a tu empresa. Nuestro objetivo es hacer crecer tu empresa [&hellip;]<\/p>\n","protected":false},"author":1,"featured_media":0,"parent":0,"menu_order":0,"comment_status":"closed","ping_status":"closed","template":"","meta":{"footnotes":""},"class_list":["post-131","page","type-page","status-publish","hentry"],"_links":{"self":[{"href":"https:\/\/soydisenadoryque.com\/index.php?rest_route=\/wp\/v2\/pages\/131","targetHints":{"allow":["GET"]}}],"collection":[{"href":"https:\/\/soydisenadoryque.com\/index.php?rest_route=\/wp\/v2\/pages"}],"about":[{"href":"https:\/\/soydisenadoryque.com\/index.php?rest_route=\/wp\/v2\/types\/page"}],"author":[{"embeddable":true,"href":"https:\/\/soydisenadoryque.com\/index.php?rest_route=\/wp\/v2\/users\/1"}],"replies":[{"embeddable":true,"href":"https:\/\/soydisenadoryque.com\/index.php?rest_route=%2Fwp%2Fv2%2Fcomments&post=131"}],"version-history":[{"count":9,"href":"https:\/\/soydisenadoryque.com\/index.php?rest_route=\/wp\/v2\/pages\/131\/revisions"}],"predecessor-version":[{"id":265,"href":"https:\/\/soydisenadoryque.com\/index.php?rest_route=\/wp\/v2\/pages\/131\/revisions\/265"}],"wp:attachment":[{"href":"https:\/\/soydisenadoryque.com\/index.php?rest_route=%2Fwp%2Fv2%2Fmedia&parent=131"}],"curies":[{"name":"wp","href":"https:\/\/api.w.org\/{rel}","templated":true}]}}