{"id":137,"date":"2025-01-17T11:06:01","date_gmt":"2025-01-17T11:06:01","guid":{"rendered":"https:\/\/soydisenadoryque.com\/?page_id=137"},"modified":"2025-07-23T09:01:30","modified_gmt":"2025-07-23T09:01:30","slug":"carteles","status":"publish","type":"page","link":"https:\/\/soydisenadoryque.com\/?page_id=137","title":{"rendered":"Dise\u00f1o gr\u00e1fico"},"content":{"rendered":"\n<div class=\"wp-block-group alignfull has-background is-layout-flow wp-block-group-is-layout-flow\" style=\"background:linear-gradient(0deg,rgba(191,227,255,0) 22%,rgb(0,52,91) 100%);padding-top:6vw;padding-right:6vw;padding-bottom:6vw;padding-left:6vw\">\n<div class=\"wp-block-group is-vertical is-nowrap is-layout-flex wp-container-core-group-is-layout-36fd9ea3 wp-block-group-is-layout-flex\" style=\"padding-right:0;padding-left:0\">\n<h6 class=\"wp-block-heading has-base-color has-text-color has-link-color wp-elements-53c1f13c46b804941babd014f5e56280\" id=\"ecosystem\" style=\"font-size:clamp(14px, 0.875rem + ((1vw - 3.2px) * 0.196), 16px);\">Dise\u00f1o<\/h6>\n\n\n\n<p class=\"has-base-color has-text-color\" style=\"font-size:6vw;font-style:normal;font-weight:700;letter-spacing:0px;line-height:0.9;text-decoration:none;text-transform:none\">Gr\u00e1fico<\/p>\n<\/div>\n\n\n\n<div style=\"height:1vw\" aria-hidden=\"true\" class=\"wp-block-spacer\"><\/div>\n\n\n\n<div class=\"wp-block-group alignwide is-vertical is-nowrap is-layout-flex wp-container-core-group-is-layout-7946b6b8 wp-block-group-is-layout-flex\" style=\"padding-top:0;padding-right:0;padding-bottom:0;padding-left:0\">\n<div class=\"wp-block-columns alignwide is-layout-flex wp-container-core-columns-is-layout-21b20327 wp-block-columns-is-layout-flex\">\n<div class=\"wp-block-column is-layout-flow wp-block-column-is-layout-flow\" style=\"flex-basis:33.38%\">\n<h6 class=\"wp-block-heading has-text-align-right has-base-color has-text-color\" style=\"font-size:clamp(14px, 0.875rem + ((1vw - 3.2px) * 0.294), 17px);\">\u00bfQu\u00e9 diferencia mi servicio de otros?<\/h6>\n\n\n\n<p class=\"has-text-align-right has-base-color has-text-color\" style=\"font-size:clamp(14px, 0.875rem + ((1vw - 3.2px) * 0.294), 17px);\">Principalmente el echo de que las im\u00e1genes que uso para mis clientes son realizadas por mi y no tienen el gran problema que muchos dise\u00f1adores se encuentran con los derechos de autor. Gracias a ello, mis clientes pueden tener la tranquilidad de que sus proyectos no vana a tener ning\u00fan tipo de problema, adem\u00e1s de la autenticidad del dise\u00f1o y que vas a poder estar informado de todo el proceso que lleve a cabo.<br><br>Mis dise\u00f1os est\u00e1n dotados de autenticidad de y de aprendizaje por a\u00f1os, formaci\u00f3n que he complementado con cursos externos y con la gran pasi\u00f3n que siento por este oficio.<\/p>\n<\/div>\n\n\n\n<div class=\"wp-block-column is-layout-flow wp-block-column-is-layout-flow\" style=\"flex-basis:33%\">\n<div style=\"height:2vw\" aria-hidden=\"true\" class=\"wp-block-spacer\"><\/div>\n\n\n\n<figure class=\"wp-block-image size-large\"><img loading=\"lazy\" decoding=\"async\" width=\"819\" height=\"1024\" src=\"https:\/\/soydisenadoryque.com\/wp-content\/uploads\/2025\/01\/TRAVIS-SCOTT-819x1024.jpg\" alt=\"\" class=\"wp-image-139\" srcset=\"https:\/\/soydisenadoryque.com\/wp-content\/uploads\/2025\/01\/TRAVIS-SCOTT-819x1024.jpg 819w, https:\/\/soydisenadoryque.com\/wp-content\/uploads\/2025\/01\/TRAVIS-SCOTT-240x300.jpg 240w, https:\/\/soydisenadoryque.com\/wp-content\/uploads\/2025\/01\/TRAVIS-SCOTT-768x960.jpg 768w, https:\/\/soydisenadoryque.com\/wp-content\/uploads\/2025\/01\/TRAVIS-SCOTT.jpg 1080w\" sizes=\"auto, (max-width: 819px) 100vw, 819px\" \/><\/figure>\n<\/div>\n\n\n\n<div class=\"wp-block-column is-layout-flow wp-block-column-is-layout-flow\" style=\"flex-basis:33.62%\">\n<figure class=\"wp-block-image size-large\"><img loading=\"lazy\" decoding=\"async\" width=\"819\" height=\"1024\" src=\"https:\/\/soydisenadoryque.com\/wp-content\/uploads\/2025\/01\/NESPRESSO-819x1024.jpg\" alt=\"\" class=\"wp-image-140\" srcset=\"https:\/\/soydisenadoryque.com\/wp-content\/uploads\/2025\/01\/NESPRESSO-819x1024.jpg 819w, https:\/\/soydisenadoryque.com\/wp-content\/uploads\/2025\/01\/NESPRESSO-240x300.jpg 240w, https:\/\/soydisenadoryque.com\/wp-content\/uploads\/2025\/01\/NESPRESSO-768x960.jpg 768w, https:\/\/soydisenadoryque.com\/wp-content\/uploads\/2025\/01\/NESPRESSO.jpg 1080w\" sizes=\"auto, (max-width: 819px) 100vw, 819px\" \/><\/figure>\n<\/div>\n<\/div>\n\n\n\n<div class=\"wp-block-columns alignwide is-layout-flex wp-container-core-columns-is-layout-c24efe4f wp-block-columns-is-layout-flex\">\n<div class=\"wp-block-column is-layout-flow wp-block-column-is-layout-flow\" style=\"flex-basis:69%\">\n<figure class=\"wp-block-image size-large\"><img loading=\"lazy\" decoding=\"async\" width=\"819\" height=\"1024\" src=\"https:\/\/soydisenadoryque.com\/wp-content\/uploads\/2025\/01\/Crea-Piensa-Inova-1-819x1024.jpg\" alt=\"\" class=\"wp-image-141\" srcset=\"https:\/\/soydisenadoryque.com\/wp-content\/uploads\/2025\/01\/Crea-Piensa-Inova-1-819x1024.jpg 819w, https:\/\/soydisenadoryque.com\/wp-content\/uploads\/2025\/01\/Crea-Piensa-Inova-1-240x300.jpg 240w, https:\/\/soydisenadoryque.com\/wp-content\/uploads\/2025\/01\/Crea-Piensa-Inova-1-768x960.jpg 768w, https:\/\/soydisenadoryque.com\/wp-content\/uploads\/2025\/01\/Crea-Piensa-Inova-1.jpg 1080w\" sizes=\"auto, (max-width: 819px) 100vw, 819px\" \/><\/figure>\n<\/div>\n\n\n\n<div class=\"wp-block-column is-vertically-aligned-center is-layout-flow wp-block-column-is-layout-flow\" style=\"flex-basis:33%\">\n<div style=\"height:162px\" aria-hidden=\"true\" class=\"wp-block-spacer\"><\/div>\n\n\n\n<h1 class=\"wp-block-heading has-text-color\" style=\"color:#000000;font-size:clamp(16.293px, 1.018rem + ((1vw - 3.2px) * 0.854), 25px);\"><strong>\u00bfC\u00f3mo lo har\u00edamos?<\/strong><\/h1>\n\n\n\n<p style=\"font-size:clamp(14px, 0.875rem + ((1vw - 3.2px) * 0.196), 16px);\">Para este proceso har\u00eda que tu experiencia fuese lo m\u00e1s c\u00f3moda y amena posible. Primero te entregar\u00eda un documento para que me lo rellenases con informaci\u00f3n que necesitar\u00eda para hacer tu proyecto o actualizarlo. Despu\u00e9s har\u00eda seleccionar\u00edamos los elementos, frases,  y si te gustase firmar\u00edamos el contrato y proceder\u00edamos a la mitad del pago del precio total.<\/p>\n\n\n\n<p style=\"font-size:clamp(14px, 0.875rem + ((1vw - 3.2px) * 0.294), 17px);\">Una vez hecho el pago proceder\u00eda a hacer los ajustes de edici\u00f3n necesarios, hacer el fotomontaje, investigar para que te puedas diferenciar y tu dinero sea lo mejor invertido posible. Necesito que comprendas que durante todo el proceso es necesario que haya Feedback, ya que si necesito tengo dudas y no obtengo respuesta, el proceso se parar\u00eda. Al final, con tu visto bueno, te quedar\u00edas la web y yo recibir\u00eda la otra mitad<\/p>\n<\/div>\n<\/div>\n<\/div>\n<\/div>\n\n\n\n<div style=\"height:100px\" aria-hidden=\"true\" class=\"wp-block-spacer\"><\/div>\n\n\n\n<h1 class=\"wp-block-heading has-text-align-center\">\u00bfNo est\u00e1s seguro a\u00fan?<\/h1>\n\n\n\n<p class=\"has-text-align-center\">Si est\u00e1s interesado o interesada en ver alguno de mis proyectos para guiarte tienes en la secci\u00f3n de contactos un icono para que vayas directamente a mi Instagram, donde tengo algunos subidos, aparte siempre tienes la opci\u00f3n de clicar en el bot\u00f3n de aqu\u00ed para ver otros sin salir de la web<\/p>\n\n\n\n<div class=\"wp-block-buttons is-content-justification-center is-layout-flex wp-container-core-buttons-is-layout-a89b3969 wp-block-buttons-is-layout-flex\">\n<div class=\"wp-block-button\"><a class=\"wp-block-button__link has-background wp-element-button\" href=\"https:\/\/soydisenadoryque.com\/?page_id=65\" style=\"background-color:#11146e\">Ver porfolio<\/a><\/div>\n<\/div>\n\n\n\n<div style=\"height:100px\" aria-hidden=\"true\" class=\"wp-block-spacer\"><\/div>\n\n\n\n<p><\/p>\n","protected":false},"excerpt":{"rendered":"<p>Dise\u00f1o Gr\u00e1fico \u00bfQu\u00e9 diferencia mi servicio de otros? Principalmente el echo de que las im\u00e1genes que uso para mis clientes son realizadas por mi y no tienen el gran problema que muchos dise\u00f1adores se encuentran con los derechos de autor. Gracias a ello, mis clientes pueden tener la tranquilidad de que sus proyectos no vana [&hellip;]<\/p>\n","protected":false},"author":1,"featured_media":0,"parent":0,"menu_order":0,"comment_status":"closed","ping_status":"closed","template":"page-no-title","meta":{"footnotes":""},"class_list":["post-137","page","type-page","status-publish","hentry"],"_links":{"self":[{"href":"https:\/\/soydisenadoryque.com\/index.php?rest_route=\/wp\/v2\/pages\/137","targetHints":{"allow":["GET"]}}],"collection":[{"href":"https:\/\/soydisenadoryque.com\/index.php?rest_route=\/wp\/v2\/pages"}],"about":[{"href":"https:\/\/soydisenadoryque.com\/index.php?rest_route=\/wp\/v2\/types\/page"}],"author":[{"embeddable":true,"href":"https:\/\/soydisenadoryque.com\/index.php?rest_route=\/wp\/v2\/users\/1"}],"replies":[{"embeddable":true,"href":"https:\/\/soydisenadoryque.com\/index.php?rest_route=%2Fwp%2Fv2%2Fcomments&post=137"}],"version-history":[{"count":9,"href":"https:\/\/soydisenadoryque.com\/index.php?rest_route=\/wp\/v2\/pages\/137\/revisions"}],"predecessor-version":[{"id":263,"href":"https:\/\/soydisenadoryque.com\/index.php?rest_route=\/wp\/v2\/pages\/137\/revisions\/263"}],"wp:attachment":[{"href":"https:\/\/soydisenadoryque.com\/index.php?rest_route=%2Fwp%2Fv2%2Fmedia&parent=137"}],"curies":[{"name":"wp","href":"https:\/\/api.w.org\/{rel}","templated":true}]}}