{"id":5,"date":"2025-01-16T19:22:08","date_gmt":"2025-01-16T19:22:08","guid":{"rendered":"https:\/\/soydisenadoryque.com\/?page_id=5"},"modified":"2025-07-23T09:17:19","modified_gmt":"2025-07-23T09:17:19","slug":"inicio","status":"publish","type":"page","link":"https:\/\/soydisenadoryque.com\/","title":{"rendered":"Inicio"},"content":{"rendered":"\n<div class=\"wp-block-cover alignfull has-parallax\" style=\"margin-top:0;padding-top:5vw;padding-right:5vw;padding-bottom:5vw;padding-left:5vw;min-height:100vh;aspect-ratio:unset;\"><div class=\"wp-block-cover__image-background wp-image-13 has-parallax\" style=\"background-position:50% 50%;background-image:url(https:\/\/soydisenadoryque.com\/wp-content\/uploads\/2025\/01\/Coffee-Design-2.jpg)\"><\/div><span aria-hidden=\"true\" class=\"wp-block-cover__background has-contrast-background-color has-background-dim-80 has-background-dim\"><\/span><div class=\"wp-block-cover__inner-container is-layout-flow wp-container-core-cover-is-layout-5254d72b wp-block-cover-is-layout-flow\">\n<div class=\"wp-block-group is-vertical is-content-justification-center is-nowrap is-layout-flex wp-container-core-group-is-layout-b77dfac5 wp-block-group-is-layout-flex\">\n<p class=\"has-text-align-right has-text-color\" style=\"color:#c5c8d4;font-size:clamp(67.975px, 4.248rem + ((1vw - 3.2px) * 7.846), 148px);font-style:normal;font-weight:300;letter-spacing:-4px;line-height:0.8;text-transform:uppercase\">Soy<\/p>\n\n\n\n<p class=\"has-text-align-right has-text-color\" style=\"color:#9594b3;font-size:clamp(67.975px, 4.248rem + ((1vw - 3.2px) * 7.846), 148px);font-style:normal;font-weight:300;letter-spacing:-4px;line-height:0.8;text-transform:uppercase\">DISE\u00d1ADOR<\/p>\n\n\n\n<p class=\"has-text-align-right has-text-color\" style=\"color:#606c9c;font-size:clamp(67.975px, 4.248rem + ((1vw - 3.2px) * 7.846), 148px);font-style:normal;font-weight:300;letter-spacing:-4px;line-height:0.8;text-transform:uppercase\">\u00bfY QU\u00c9?<\/p>\n\n\n\n<div style=\"height:0px\" aria-hidden=\"true\" class=\"wp-block-spacer wp-container-content-eb1ede72\"><\/div>\n<\/div>\n<\/div><\/div>\n\n\n\n<div class=\"wp-block-group alignfull has-background has-global-padding is-layout-constrained wp-block-group-is-layout-constrained\" style=\"background:linear-gradient(180deg,rgb(0,6,42) 0%,rgb(155,81,224) 48%,rgba(255,255,255,0) 100%)\">\n<div style=\"height:250px;width:0px\" aria-hidden=\"true\" class=\"wp-block-spacer\"><\/div>\n\n\n\n<div class=\"wp-block-columns alignwide are-vertically-aligned-center is-layout-flex wp-container-core-columns-is-layout-28f84493 wp-block-columns-is-layout-flex\">\n<div class=\"wp-block-column is-vertically-aligned-center is-layout-flow wp-block-column-is-layout-flow\" style=\"border-top-style:none;border-top-width:0px;border-right-color:var(--wp--preset--color--base);border-right-width:4px;border-bottom-style:none;border-bottom-width:0px;border-left-style:none;border-left-width:0px;padding-top:var(--wp--preset--spacing--40);padding-right:var(--wp--preset--spacing--50);padding-bottom:var(--wp--preset--spacing--40);padding-left:0\">\n<h1 class=\"wp-block-heading has-text-align-right has-text-color has-link-color wp-elements-d2290d7dc0182f82ce8d35b66481a1fa\" style=\"border-radius:100px;color:#d2d8ff;margin-right:0px;margin-left:0px\"><strong>Atractivo y<\/strong><br><strong>Creativo<\/strong><\/h1>\n<\/div>\n\n\n\n<div class=\"wp-block-column is-vertically-aligned-center is-layout-flow wp-block-column-is-layout-flow\">\n<p class=\"has-base-color has-text-color has-link-color wp-elements-a2127f87e35639619077a78e21e0eb42\">Somos un equipo de dise\u00f1adores y desarrolladores web que junto con tus ideas crear\u00e1 esos dise\u00f1os que tu marca necesita para crecer. <strong>Dise\u00f1amos tus necesidades pixel a pixel<\/strong>.<\/p>\n<\/div>\n<\/div>\n\n\n\n<div style=\"height:465px;width:0px\" aria-hidden=\"true\" class=\"wp-block-spacer\"><\/div>\n<\/div>\n\n\n\n<div style=\"height:152px\" aria-hidden=\"true\" class=\"wp-block-spacer\"><\/div>\n\n\n\n<div class=\"wp-block-group alignfull has-global-padding is-layout-constrained wp-block-group-is-layout-constrained\">\n<h1 class=\"wp-block-heading has-text-align-center has-text-color has-link-color has-manrope-font-family wp-elements-01a002c631a5c97d9bc2b6a7250b803b\" style=\"color:#10004c;font-style:normal;font-weight:800\">Servicios<\/h1>\n\n\n\n<div style=\"height:46px\" aria-hidden=\"true\" class=\"wp-block-spacer\"><\/div>\n\n\n\n<div class=\"wp-block-columns alignwide is-layout-flex wp-container-core-columns-is-layout-28f84493 wp-block-columns-is-layout-flex\">\n<div class=\"wp-block-column is-layout-flow wp-block-column-is-layout-flow\">\n<div class=\"wp-block-cover\" style=\"min-height:598px;aspect-ratio:unset;\"><img loading=\"lazy\" decoding=\"async\" width=\"498\" height=\"623\" class=\"wp-block-cover__image-background wp-image-35\" alt=\"\" src=\"https:\/\/soydisenadoryque-com.preview-domain.com\/wp-content\/uploads\/2025\/01\/MOON-WAY-edited.jpg\" data-object-fit=\"cover\" srcset=\"https:\/\/soydisenadoryque.com\/wp-content\/uploads\/2025\/01\/MOON-WAY-edited.jpg 498w, https:\/\/soydisenadoryque.com\/wp-content\/uploads\/2025\/01\/MOON-WAY-edited-240x300.jpg 240w\" sizes=\"auto, (max-width: 498px) 100vw, 498px\" \/><span aria-hidden=\"true\" class=\"wp-block-cover__background has-background-dim-70 has-background-dim\"><\/span><div class=\"wp-block-cover__inner-container is-layout-flow wp-block-cover-is-layout-flow\">\n<h1 class=\"wp-block-heading has-text-align-center has-base-color has-text-color has-link-color has-large-font-size wp-elements-6cb905687782654dd3d4fa79e6e1e5a5\"><strong>Desarrollo Web <\/strong><\/h1>\n\n\n\n<p class=\"has-text-align-center has-base-color has-text-color has-link-color wp-elements-f3b640b34dcb57a9fb90a7b1a7f5bb4c\" style=\"font-size:clamp(14px, 0.875rem + ((1vw - 3.2px) * 0.392), 18px);\">Dise\u00f1o y desarrollo web creativo e intuitivo para que tu web nunca se quede atr\u00e1s.<\/p>\n\n\n\n<div class=\"wp-block-buttons is-content-justification-center is-layout-flex wp-container-core-buttons-is-layout-a89b3969 wp-block-buttons-is-layout-flex\">\n<div class=\"wp-block-button\"><a class=\"wp-block-button__link has-background wp-element-button\" href=\"https:\/\/soydisenadoryque.com\/?page_id=125\" style=\"background-color:#0d1144\">Saber m\u00e1s<\/a><\/div>\n<\/div>\n<\/div><\/div>\n<\/div>\n\n\n\n<div class=\"wp-block-column is-layout-flow wp-block-column-is-layout-flow\">\n<div class=\"wp-block-cover\" style=\"min-height:599px;aspect-ratio:unset;\"><img loading=\"lazy\" decoding=\"async\" width=\"819\" height=\"1024\" class=\"wp-block-cover__image-background wp-image-36\" alt=\"\" src=\"https:\/\/soydisenadoryque-com.preview-domain.com\/wp-content\/uploads\/2025\/01\/TRIDENT-819x1024.jpg\" style=\"object-position:49% 56%\" data-object-fit=\"cover\" data-object-position=\"49% 56%\" srcset=\"https:\/\/soydisenadoryque.com\/wp-content\/uploads\/2025\/01\/TRIDENT-819x1024.jpg 819w, https:\/\/soydisenadoryque.com\/wp-content\/uploads\/2025\/01\/TRIDENT-240x300.jpg 240w, https:\/\/soydisenadoryque.com\/wp-content\/uploads\/2025\/01\/TRIDENT-768x960.jpg 768w, https:\/\/soydisenadoryque.com\/wp-content\/uploads\/2025\/01\/TRIDENT.jpg 1080w\" sizes=\"auto, (max-width: 819px) 100vw, 819px\" \/><span aria-hidden=\"true\" class=\"wp-block-cover__background has-background-dim-70 has-background-dim\"><\/span><div class=\"wp-block-cover__inner-container is-layout-flow wp-block-cover-is-layout-flow\">\n<p class=\"has-text-align-center has-base-color has-text-color has-link-color has-large-font-size wp-elements-7d666e924d118bed5a85f173968820ee\"><strong>Dise\u00f1o Gr\u00e1fico<\/strong><\/p>\n\n\n\n<p class=\"has-text-align-center has-base-color has-text-color has-link-color wp-elements-d483316cbc9fa57c75af9c3d820bbf4e\" style=\"font-size:clamp(14px, 0.875rem + ((1vw - 3.2px) * 0.392), 18px);\">Creaci\u00f3n de proyectos y productos de alta calidad preparados para hacer brillar a tu empresa<\/p>\n\n\n\n<div class=\"wp-block-buttons is-content-justification-center is-layout-flex wp-container-core-buttons-is-layout-a89b3969 wp-block-buttons-is-layout-flex\">\n<div class=\"wp-block-button\"><a class=\"wp-block-button__link has-background has-text-align-center wp-element-button\" href=\"https:\/\/soydisenadoryque.com\/?page_id=137\" style=\"background-color:#0d1144\">Saber M\u00e1s<\/a><\/div>\n<\/div>\n<\/div><\/div>\n<\/div>\n<\/div>\n\n\n\n<div style=\"height:357px\" aria-hidden=\"true\" class=\"wp-block-spacer\"><\/div>\n<\/div>\n\n\n\n<div class=\"wp-block-cover alignfull has-parallax\" style=\"min-height:616px;aspect-ratio:unset;\"><div class=\"wp-block-cover__image-background wp-image-28 has-parallax\" style=\"background-position:50% 50%;background-image:url(https:\/\/soydisenadoryque-com.preview-domain.com\/wp-content\/uploads\/2025\/01\/SCAPEROOM.jpg)\"><\/div><span aria-hidden=\"true\" class=\"wp-block-cover__background has-contrast-background-color has-background-dim-80 has-background-dim\"><\/span><div class=\"wp-block-cover__inner-container has-global-padding is-layout-constrained wp-block-cover-is-layout-constrained\">\n<h1 class=\"wp-block-heading has-text-align-center has-base-color has-text-color has-link-color wp-elements-884ad6a28cafef248db21a6deec47dd3\">Intuitivos y F\u00e1ciles <br>de recordar<\/h1>\n\n\n\n<p class=\"has-text-align-center has-base-color has-text-color has-link-color wp-elements-1c9022871bde4f937b67b7ccacec0ccd\">Estamos especializados en que la experiencia de usuario sea \u00fanica y sencilla, haciendo a su vez que cada uno de nuestros dise\u00f1os se grabe en la memoria de tus clientes<\/p>\n<\/div><\/div>\n\n\n\n<div class=\"wp-block-group alignfull has-background has-global-padding is-layout-constrained wp-block-group-is-layout-constrained\" style=\"background:linear-gradient(90deg,rgb(0,1,79) 2%,rgb(1,0,1) 39%)\">\n<div class=\"wp-block-media-text alignfull has-media-on-the-right is-stacked-on-mobile\" style=\"grid-template-columns:auto 52%\"><div class=\"wp-block-media-text__content\">\n<h2 class=\"wp-block-heading has-base-color has-text-color has-link-color wp-elements-f3c901caf74847173cb8adbf844c09c1\">Mira algunos de nuestros trabajos<\/h2>\n\n\n\n<div style=\"height:64px\" aria-hidden=\"true\" class=\"wp-block-spacer\"><\/div>\n\n\n\n<p class=\"has-text-align-right has-base-color has-text-color has-link-color wp-elements-9fba458a2ecac0a08ad3463395eedcc5\">Toma referencia de estilos y dinos lo que quieres<\/p>\n\n\n\n<div class=\"wp-block-buttons is-content-justification-right is-layout-flex wp-container-core-buttons-is-layout-d445cf74 wp-block-buttons-is-layout-flex\">\n<div class=\"wp-block-button\"><a class=\"wp-block-button__link wp-element-button\" href=\"https:\/\/soydisenadoryque.com\/?page_id=65\">Ver<\/a><\/div>\n<\/div>\n\n\n\n<div style=\"height:32px\" aria-hidden=\"true\" class=\"wp-block-spacer\"><\/div>\n<\/div><figure class=\"wp-block-media-text__media\"><img loading=\"lazy\" decoding=\"async\" width=\"819\" height=\"1024\" src=\"https:\/\/soydisenadoryque-com.preview-domain.com\/wp-content\/uploads\/2025\/01\/LOEWE-CAR-1-819x1024.jpg\" alt=\"\" class=\"wp-image-46 size-full\" srcset=\"https:\/\/soydisenadoryque.com\/wp-content\/uploads\/2025\/01\/LOEWE-CAR-1-819x1024.jpg 819w, https:\/\/soydisenadoryque.com\/wp-content\/uploads\/2025\/01\/LOEWE-CAR-1-240x300.jpg 240w, https:\/\/soydisenadoryque.com\/wp-content\/uploads\/2025\/01\/LOEWE-CAR-1-768x960.jpg 768w, https:\/\/soydisenadoryque.com\/wp-content\/uploads\/2025\/01\/LOEWE-CAR-1.jpg 1080w\" sizes=\"auto, (max-width: 819px) 100vw, 819px\" \/><\/figure><\/div>\n<\/div>\n\n\n\n<div style=\"height:100px\" aria-hidden=\"true\" class=\"wp-block-spacer\"><\/div>\n\n\n\n<h1 class=\"wp-block-heading has-text-align-center has-text-color has-link-color wp-elements-8eb3e6ef1cde52b1256b23a39f5bd01b\" style=\"color:#10004c\">Rese\u00f1as<\/h1>\n\n\n\n<div style=\"height:14px\" aria-hidden=\"true\" class=\"wp-block-spacer\"><\/div>\n\n\n\n<figure class=\"wp-block-pullquote\" style=\"font-size:clamp(15.747px, 0.984rem + ((1vw - 3.2px) * 0.809), 24px);\"><blockquote><p>Ha creado y gestiona para m\u00ed padre una web maravillosa, funcional y atractiva, dentro de los plazos indicados, y con un presupuesto adaptado a nosotros. Un servicio de 10<br><\/p><cite>Serena G.R.<br><\/cite><\/blockquote><\/figure>\n\n\n\n<div style=\"height:100px\" aria-hidden=\"true\" class=\"wp-block-spacer\"><\/div>\n\n\n\n<p><\/p>\n","protected":false},"excerpt":{"rendered":"<p>Atractivo yCreativo Somos un equipo de dise\u00f1adores y desarrolladores web que junto con tus ideas crear\u00e1 esos dise\u00f1os que tu marca necesita para crecer. Dise\u00f1amos tus necesidades pixel a pixel. Servicios Mira algunos de nuestros trabajos Toma referencia de estilos y dinos lo que quieres Rese\u00f1as Ha creado y gestiona para m\u00ed padre una web [&hellip;]<\/p>\n","protected":false},"author":1,"featured_media":0,"parent":0,"menu_order":0,"comment_status":"open","ping_status":"closed","template":"page-no-title","meta":{"footnotes":""},"class_list":["post-5","page","type-page","status-publish","hentry"],"_links":{"self":[{"href":"https:\/\/soydisenadoryque.com\/index.php?rest_route=\/wp\/v2\/pages\/5","targetHints":{"allow":["GET"]}}],"collection":[{"href":"https:\/\/soydisenadoryque.com\/index.php?rest_route=\/wp\/v2\/pages"}],"about":[{"href":"https:\/\/soydisenadoryque.com\/index.php?rest_route=\/wp\/v2\/types\/page"}],"author":[{"embeddable":true,"href":"https:\/\/soydisenadoryque.com\/index.php?rest_route=\/wp\/v2\/users\/1"}],"replies":[{"embeddable":true,"href":"https:\/\/soydisenadoryque.com\/index.php?rest_route=%2Fwp%2Fv2%2Fcomments&post=5"}],"version-history":[{"count":85,"href":"https:\/\/soydisenadoryque.com\/index.php?rest_route=\/wp\/v2\/pages\/5\/revisions"}],"predecessor-version":[{"id":269,"href":"https:\/\/soydisenadoryque.com\/index.php?rest_route=\/wp\/v2\/pages\/5\/revisions\/269"}],"wp:attachment":[{"href":"https:\/\/soydisenadoryque.com\/index.php?rest_route=%2Fwp%2Fv2%2Fmedia&parent=5"}],"curies":[{"name":"wp","href":"https:\/\/api.w.org\/{rel}","templated":true}]}}