{"id":65,"date":"2025-01-16T19:23:15","date_gmt":"2025-01-16T19:23:15","guid":{"rendered":"https:\/\/soydisenadoryque.com\/?page_id=65"},"modified":"2025-06-03T10:07:17","modified_gmt":"2025-06-03T10:07:17","slug":"porfolio","status":"publish","type":"page","link":"https:\/\/soydisenadoryque.com\/?page_id=65","title":{"rendered":"Porfolio"},"content":{"rendered":"\n<div class=\"wp-block-cover alignfull has-parallax\" style=\"padding-right:var(--wp--preset--spacing--80);padding-left:var(--wp--preset--spacing--80);min-height:478px;aspect-ratio:unset;\"><span aria-hidden=\"true\" class=\"wp-block-cover__background has-background-dim-60 has-background-dim\"><\/span><div class=\"wp-block-cover__image-background has-parallax\" style=\"background-position:50% 50%;background-image:url(https:\/\/s.w.org\/images\/core\/5.8\/forest.jpg)\"><\/div><div class=\"wp-block-cover__inner-container is-layout-flow wp-block-cover-is-layout-flow\">\n<h2 class=\"wp-block-heading alignwide has-base-color has-text-color\" style=\"font-size:clamp(65.855px, 4.116rem + ((1vw - 3.2px) * 7.465), 142px);font-style:normal;font-weight:1000\">Porfolio<\/h2>\n<\/div><\/div>\n\n\n\n<div style=\"height:100px\" aria-hidden=\"true\" class=\"wp-block-spacer\"><\/div>\n\n\n\n<div class=\"wp-block-cb-carousel alignfull\" data-slick=\"{&quot;slidesToShow&quot;:3,&quot;slidesToScroll&quot;:1,&quot;speed&quot;:300,&quot;arrows&quot;:true,&quot;dots&quot;:true,&quot;autoplay&quot;:false,&quot;autoplaySpeed&quot;:3000,&quot;infinite&quot;:true,&quot;responsive&quot;:[{&quot;breakpoint&quot;:769,&quot;settings&quot;:{&quot;slidesToShow&quot;:1,&quot;slidesToScroll&quot;:1}}]}\">\n<div class=\"wp-block-cb-slide\">\n<figure class=\"wp-block-image size-large\"><img loading=\"lazy\" decoding=\"async\" width=\"819\" height=\"1024\" src=\"https:\/\/soydisenadoryque-com.preview-domain.com\/wp-content\/uploads\/2025\/01\/LOEWE-CAR-2-819x1024.jpg\" alt=\"\" class=\"wp-image-56\" srcset=\"https:\/\/soydisenadoryque.com\/wp-content\/uploads\/2025\/01\/LOEWE-CAR-2-819x1024.jpg 819w, https:\/\/soydisenadoryque.com\/wp-content\/uploads\/2025\/01\/LOEWE-CAR-2-240x300.jpg 240w, https:\/\/soydisenadoryque.com\/wp-content\/uploads\/2025\/01\/LOEWE-CAR-2-768x960.jpg 768w, https:\/\/soydisenadoryque.com\/wp-content\/uploads\/2025\/01\/LOEWE-CAR-2.jpg 1080w\" sizes=\"auto, (max-width: 819px) 100vw, 819px\" \/><\/figure>\n<\/div>\n\n\n\n<div class=\"wp-block-cb-slide\">\n<figure class=\"wp-block-image size-large\"><img loading=\"lazy\" decoding=\"async\" width=\"819\" height=\"1024\" src=\"https:\/\/soydisenadoryque-com.preview-domain.com\/wp-content\/uploads\/2025\/01\/LAMBO-2-819x1024.jpg\" alt=\"\" class=\"wp-image-55\" srcset=\"https:\/\/soydisenadoryque.com\/wp-content\/uploads\/2025\/01\/LAMBO-2-819x1024.jpg 819w, https:\/\/soydisenadoryque.com\/wp-content\/uploads\/2025\/01\/LAMBO-2-240x300.jpg 240w, https:\/\/soydisenadoryque.com\/wp-content\/uploads\/2025\/01\/LAMBO-2-768x960.jpg 768w, https:\/\/soydisenadoryque.com\/wp-content\/uploads\/2025\/01\/LAMBO-2.jpg 1080w\" sizes=\"auto, (max-width: 819px) 100vw, 819px\" \/><\/figure>\n<\/div>\n\n\n\n<div class=\"wp-block-cb-slide\">\n<figure class=\"wp-block-image size-large\"><img loading=\"lazy\" decoding=\"async\" width=\"819\" height=\"1024\" src=\"https:\/\/soydisenadoryque-com.preview-domain.com\/wp-content\/uploads\/2025\/01\/DISCO-VINILO-819x1024.jpg\" alt=\"\" class=\"wp-image-54\" srcset=\"https:\/\/soydisenadoryque.com\/wp-content\/uploads\/2025\/01\/DISCO-VINILO-819x1024.jpg 819w, https:\/\/soydisenadoryque.com\/wp-content\/uploads\/2025\/01\/DISCO-VINILO-240x300.jpg 240w, https:\/\/soydisenadoryque.com\/wp-content\/uploads\/2025\/01\/DISCO-VINILO-768x960.jpg 768w, https:\/\/soydisenadoryque.com\/wp-content\/uploads\/2025\/01\/DISCO-VINILO.jpg 1080w\" sizes=\"auto, (max-width: 819px) 100vw, 819px\" \/><\/figure>\n<\/div>\n\n\n\n<div class=\"wp-block-cb-slide\">\n<h2 class=\"wp-block-heading\">TODOS LOS TRABAJOS QUE TE HAGA ATRAER\u00c1 LAS MIRADAS AL LADO DE LOS DE TU COMPETENCIA.<\/h2>\n\n\n\n<div style=\"height:60px\" aria-hidden=\"true\" class=\"wp-block-spacer\"><\/div>\n\n\n\n<h1 class=\"wp-block-heading has-text-align-right has-text-color has-link-color wp-elements-72295a752f70b78eb98fb49d257844a9\" style=\"color:#0d1144\"><strong>\u00bfPREPARADO PARA DESTACAR FRENTE A TODOS?<\/strong><\/h1>\n<\/div>\n\n\n\n<div class=\"wp-block-cb-slide\">\n<figure class=\"wp-block-image size-large\"><img loading=\"lazy\" decoding=\"async\" width=\"819\" height=\"1024\" src=\"https:\/\/soydisenadoryque-com.preview-domain.com\/wp-content\/uploads\/2025\/01\/Crea-Piensa-Inova-819x1024.jpg\" alt=\"\" class=\"wp-image-53\" srcset=\"https:\/\/soydisenadoryque.com\/wp-content\/uploads\/2025\/01\/Crea-Piensa-Inova-819x1024.jpg 819w, https:\/\/soydisenadoryque.com\/wp-content\/uploads\/2025\/01\/Crea-Piensa-Inova-240x300.jpg 240w, https:\/\/soydisenadoryque.com\/wp-content\/uploads\/2025\/01\/Crea-Piensa-Inova-768x960.jpg 768w, https:\/\/soydisenadoryque.com\/wp-content\/uploads\/2025\/01\/Crea-Piensa-Inova.jpg 1080w\" sizes=\"auto, (max-width: 819px) 100vw, 819px\" \/><\/figure>\n<\/div>\n\n\n\n<div class=\"wp-block-cb-slide\">\n<figure class=\"wp-block-image size-large\"><img loading=\"lazy\" decoding=\"async\" width=\"819\" height=\"1024\" src=\"https:\/\/soydisenadoryque-com.preview-domain.com\/wp-content\/uploads\/2025\/01\/Coffee-Design-4-819x1024.jpg\" alt=\"\" class=\"wp-image-52\" srcset=\"https:\/\/soydisenadoryque.com\/wp-content\/uploads\/2025\/01\/Coffee-Design-4-819x1024.jpg 819w, https:\/\/soydisenadoryque.com\/wp-content\/uploads\/2025\/01\/Coffee-Design-4-240x300.jpg 240w, https:\/\/soydisenadoryque.com\/wp-content\/uploads\/2025\/01\/Coffee-Design-4-768x960.jpg 768w, https:\/\/soydisenadoryque.com\/wp-content\/uploads\/2025\/01\/Coffee-Design-4.jpg 1080w\" sizes=\"auto, (max-width: 819px) 100vw, 819px\" \/><\/figure>\n<\/div>\n\n\n\n<div class=\"wp-block-cb-slide\">\n<figure class=\"wp-block-image size-large\"><img loading=\"lazy\" decoding=\"async\" width=\"819\" height=\"1024\" src=\"https:\/\/soydisenadoryque-com.preview-domain.com\/wp-content\/uploads\/2025\/01\/TRIDENT-819x1024.jpg\" alt=\"\" class=\"wp-image-36\" srcset=\"https:\/\/soydisenadoryque.com\/wp-content\/uploads\/2025\/01\/TRIDENT-819x1024.jpg 819w, https:\/\/soydisenadoryque.com\/wp-content\/uploads\/2025\/01\/TRIDENT-240x300.jpg 240w, https:\/\/soydisenadoryque.com\/wp-content\/uploads\/2025\/01\/TRIDENT-768x960.jpg 768w, https:\/\/soydisenadoryque.com\/wp-content\/uploads\/2025\/01\/TRIDENT.jpg 1080w\" sizes=\"auto, (max-width: 819px) 100vw, 819px\" \/><\/figure>\n<\/div>\n\n\n\n<div class=\"wp-block-cb-slide\">\n<figure class=\"wp-block-image size-large\"><img loading=\"lazy\" decoding=\"async\" width=\"819\" height=\"1024\" src=\"https:\/\/soydisenadoryque-com.preview-domain.com\/wp-content\/uploads\/2025\/01\/MOON-WAY-819x1024.jpg\" alt=\"\" class=\"wp-image-34\" srcset=\"https:\/\/soydisenadoryque.com\/wp-content\/uploads\/2025\/01\/MOON-WAY-819x1024.jpg 819w, https:\/\/soydisenadoryque.com\/wp-content\/uploads\/2025\/01\/MOON-WAY-240x300.jpg 240w, https:\/\/soydisenadoryque.com\/wp-content\/uploads\/2025\/01\/MOON-WAY-768x960.jpg 768w, https:\/\/soydisenadoryque.com\/wp-content\/uploads\/2025\/01\/MOON-WAY.jpg 1080w\" sizes=\"auto, (max-width: 819px) 100vw, 819px\" \/><\/figure>\n<\/div>\n\n\n\n<div class=\"wp-block-cb-slide\">\n<figure class=\"wp-block-image size-large\"><img loading=\"lazy\" decoding=\"async\" width=\"819\" height=\"1024\" src=\"https:\/\/soydisenadoryque-com.preview-domain.com\/wp-content\/uploads\/2025\/01\/YOU-WILL-DIE-819x1024.jpg\" alt=\"\" class=\"wp-image-9\" srcset=\"https:\/\/soydisenadoryque.com\/wp-content\/uploads\/2025\/01\/YOU-WILL-DIE-819x1024.jpg 819w, https:\/\/soydisenadoryque.com\/wp-content\/uploads\/2025\/01\/YOU-WILL-DIE-240x300.jpg 240w, https:\/\/soydisenadoryque.com\/wp-content\/uploads\/2025\/01\/YOU-WILL-DIE-768x960.jpg 768w, https:\/\/soydisenadoryque.com\/wp-content\/uploads\/2025\/01\/YOU-WILL-DIE.jpg 1080w\" sizes=\"auto, (max-width: 819px) 100vw, 819px\" \/><\/figure>\n<\/div>\n\n\n\n<div class=\"wp-block-cb-slide\">\n<h1 class=\"wp-block-heading has-text-color has-link-color wp-elements-db8952c278c7232b59614b9e95847010\" style=\"color:#0d1144\"><strong>No te lo pienses m\u00e1s, fotos, dise\u00f1os, webs y carteles \u00fanicos para tu negocio<\/strong>.<\/h1>\n\n\n\n<p class=\"has-text-align-right\">El l\u00edmite solo es tu imaginaci\u00f3n, mis conocimientos lo har\u00e1n posible<\/p>\n<\/div>\n\n\n\n<div class=\"wp-block-cb-slide\">\n<figure class=\"wp-block-image size-large\"><img loading=\"lazy\" decoding=\"async\" width=\"819\" height=\"1024\" src=\"https:\/\/soydisenadoryque-com.preview-domain.com\/wp-content\/uploads\/2025\/01\/SCAPEROOM-819x1024.jpg\" alt=\"\" class=\"wp-image-28\" srcset=\"https:\/\/soydisenadoryque.com\/wp-content\/uploads\/2025\/01\/SCAPEROOM-819x1024.jpg 819w, https:\/\/soydisenadoryque.com\/wp-content\/uploads\/2025\/01\/SCAPEROOM-240x300.jpg 240w, https:\/\/soydisenadoryque.com\/wp-content\/uploads\/2025\/01\/SCAPEROOM-768x960.jpg 768w, https:\/\/soydisenadoryque.com\/wp-content\/uploads\/2025\/01\/SCAPEROOM.jpg 1080w\" sizes=\"auto, (max-width: 819px) 100vw, 819px\" \/><\/figure>\n<\/div>\n\n\n\n<div class=\"wp-block-cb-slide\">\n<figure class=\"wp-block-image size-large\"><img loading=\"lazy\" decoding=\"async\" width=\"819\" height=\"1024\" src=\"https:\/\/soydisenadoryque-com.preview-domain.com\/wp-content\/uploads\/2025\/01\/PREVENCION-SUICIDIO-819x1024.jpg\" alt=\"\" class=\"wp-image-27\" srcset=\"https:\/\/soydisenadoryque.com\/wp-content\/uploads\/2025\/01\/PREVENCION-SUICIDIO-819x1024.jpg 819w, https:\/\/soydisenadoryque.com\/wp-content\/uploads\/2025\/01\/PREVENCION-SUICIDIO-240x300.jpg 240w, https:\/\/soydisenadoryque.com\/wp-content\/uploads\/2025\/01\/PREVENCION-SUICIDIO-768x960.jpg 768w, https:\/\/soydisenadoryque.com\/wp-content\/uploads\/2025\/01\/PREVENCION-SUICIDIO.jpg 1080w\" sizes=\"auto, (max-width: 819px) 100vw, 819px\" \/><\/figure>\n<\/div>\n<\/div>\n\n\n\n<div style=\"height:100px\" aria-hidden=\"true\" class=\"wp-block-spacer\"><\/div>\n\n\n\n<p>Si lo que buscas es una web, no te pierdas uno de mis \u00faltimos trabajos en el que a d\u00eda de hoy sigo dedic\u00e1ndole tiempo para satisfacer las necesidades de mi cliente.<\/p>\n\n\n\n<div class=\"wp-block-buttons is-content-justification-center is-layout-flex wp-container-core-buttons-is-layout-a89b3969 wp-block-buttons-is-layout-flex\">\n<div class=\"wp-block-button\"><a class=\"wp-block-button__link has-background wp-element-button\" href=\"http:\/\/www.imaginerojuanventura.com\" style=\"background-color:#11146e\">Ver Web<\/a><\/div>\n<\/div>\n\n\n\n<div style=\"height:277px\" aria-hidden=\"true\" class=\"wp-block-spacer\"><\/div>\n\n\n\n<p class=\"has-xx-large-font-size\"><\/p>\n","protected":false},"excerpt":{"rendered":"<p>Si lo que buscas es una web, no te pierdas uno de mis \u00faltimos trabajos en el que a d\u00eda de hoy sigo dedic\u00e1ndole tiempo para satisfacer las necesidades de mi cliente.<\/p>\n","protected":false},"author":1,"featured_media":0,"parent":0,"menu_order":0,"comment_status":"closed","ping_status":"closed","template":"page-no-title","meta":{"footnotes":""},"class_list":["post-65","page","type-page","status-publish","hentry"],"_links":{"self":[{"href":"https:\/\/soydisenadoryque.com\/index.php?rest_route=\/wp\/v2\/pages\/65","targetHints":{"allow":["GET"]}}],"collection":[{"href":"https:\/\/soydisenadoryque.com\/index.php?rest_route=\/wp\/v2\/pages"}],"about":[{"href":"https:\/\/soydisenadoryque.com\/index.php?rest_route=\/wp\/v2\/types\/page"}],"author":[{"embeddable":true,"href":"https:\/\/soydisenadoryque.com\/index.php?rest_route=\/wp\/v2\/users\/1"}],"replies":[{"embeddable":true,"href":"https:\/\/soydisenadoryque.com\/index.php?rest_route=%2Fwp%2Fv2%2Fcomments&post=65"}],"version-history":[{"count":15,"href":"https:\/\/soydisenadoryque.com\/index.php?rest_route=\/wp\/v2\/pages\/65\/revisions"}],"predecessor-version":[{"id":254,"href":"https:\/\/soydisenadoryque.com\/index.php?rest_route=\/wp\/v2\/pages\/65\/revisions\/254"}],"wp:attachment":[{"href":"https:\/\/soydisenadoryque.com\/index.php?rest_route=%2Fwp%2Fv2%2Fmedia&parent=65"}],"curies":[{"name":"wp","href":"https:\/\/api.w.org\/{rel}","templated":true}]}}